{"id":12,"date":"2020-02-06T22:36:52","date_gmt":"2020-02-06T22:36:52","guid":{"rendered":"https:\/\/www.derirevest.pt\/?page_id=12"},"modified":"2022-12-08T21:10:57","modified_gmt":"2022-12-08T21:10:57","slug":"teste","status":"publish","type":"page","link":"https:\/\/www.derirevest.pt\/","title":{"rendered":""},"content":{"rendered":"<div class=\"entry-content\" itemprop=\"text\">\n<div id=\"pl-12\"  class=\"panel-layout\" ><div id=\"pg-12-0\"  class=\"panel-grid panel-no-style\" ><div id=\"pgc-12-0-0\"  class=\"panel-grid-cell\" ><div id=\"panel-12-0-0-0\" class=\"so-panel widget widget_sow-slider panel-first-child panel-last-child\" data-index=\"0\" ><div\n\t\t\t\n\t\t\tclass=\"so-widget-sow-slider so-widget-sow-slider-default-53fd0f98de19-12\"\n\t\t\t\n\t\t><div class=\"sow-slider-base\" style=\"display: none\"><ul\n\t\t\t\t\tclass=\"sow-slider-images\"\n\t\t\t\t\tdata-settings=\"{&quot;pagination&quot;:true,&quot;speed&quot;:800,&quot;timeout&quot;:8000,&quot;paused&quot;:false,&quot;pause_on_hover&quot;:false,&quot;swipe&quot;:true,&quot;nav_always_show_desktop&quot;:&quot;&quot;,&quot;nav_always_show_mobile&quot;:&quot;&quot;,&quot;breakpoint&quot;:&quot;780px&quot;,&quot;unmute&quot;:false,&quot;anchor&quot;:null}\"\n\t\t\t\t\t\t\t\t\t\tdata-anchor-id=\"\"\n\t\t\t\t>\t\t<li class=\"sow-slider-image  sow-slider-image-cover\" style=\"background-image: url(https:\/\/www.derirevest.pt\/wp-content\/uploads\/2020\/02\/p3.png)\" >\n\t\t\t\t\t\t\t\t\t<img width=\"1216\" height=\"912\" src=\"https:\/\/www.derirevest.pt\/wp-content\/uploads\/2020\/02\/p3.png\" class=\"sow-slider-background-image skip-lazy\" alt=\"\" decoding=\"async\" loading=\"eager\" srcset=\"https:\/\/www.derirevest.pt\/wp-content\/uploads\/2020\/02\/p3.png 1216w, https:\/\/www.derirevest.pt\/wp-content\/uploads\/2020\/02\/p3-600x450.png 600w, https:\/\/www.derirevest.pt\/wp-content\/uploads\/2020\/02\/p3-400x300.png 400w, https:\/\/www.derirevest.pt\/wp-content\/uploads\/2020\/02\/p3-300x225.png 300w, https:\/\/www.derirevest.pt\/wp-content\/uploads\/2020\/02\/p3-1024x768.png 1024w, https:\/\/www.derirevest.pt\/wp-content\/uploads\/2020\/02\/p3-768x576.png 768w, https:\/\/www.derirevest.pt\/wp-content\/uploads\/2020\/02\/p3-640x480.png 640w, https:\/\/www.derirevest.pt\/wp-content\/uploads\/2020\/02\/p3-48x36.png 48w\" sizes=\"(max-width: 1216px) 100vw, 1216px\" \/>\t\t\t\t\t\t\t\t<\/li>\n\t\t\t\t<li class=\"sow-slider-image  sow-slider-image-cover\" style=\"background-image: url(https:\/\/www.derirevest.pt\/wp-content\/uploads\/2020\/02\/p2.png)\" >\n\t\t\t\t\t\t\t\t\t<img width=\"1216\" height=\"912\" src=\"https:\/\/www.derirevest.pt\/wp-content\/uploads\/2020\/02\/p2.png\" class=\"sow-slider-background-image skip-lazy\" alt=\"\" decoding=\"async\" loading=\"eager\" srcset=\"https:\/\/www.derirevest.pt\/wp-content\/uploads\/2020\/02\/p2.png 1216w, https:\/\/www.derirevest.pt\/wp-content\/uploads\/2020\/02\/p2-600x450.png 600w, https:\/\/www.derirevest.pt\/wp-content\/uploads\/2020\/02\/p2-400x300.png 400w, https:\/\/www.derirevest.pt\/wp-content\/uploads\/2020\/02\/p2-300x225.png 300w, https:\/\/www.derirevest.pt\/wp-content\/uploads\/2020\/02\/p2-1024x768.png 1024w, https:\/\/www.derirevest.pt\/wp-content\/uploads\/2020\/02\/p2-768x576.png 768w, https:\/\/www.derirevest.pt\/wp-content\/uploads\/2020\/02\/p2-640x480.png 640w, https:\/\/www.derirevest.pt\/wp-content\/uploads\/2020\/02\/p2-48x36.png 48w\" sizes=\"(max-width: 1216px) 100vw, 1216px\" \/>\t\t\t\t\t\t\t\t<\/li>\n\t\t\t\t<li class=\"sow-slider-image  sow-slider-image-cover\" style=\"background-image: url(https:\/\/www.derirevest.pt\/wp-content\/uploads\/2020\/02\/p1.png)\" >\n\t\t\t\t\t\t\t\t\t<img width=\"1216\" height=\"912\" src=\"https:\/\/www.derirevest.pt\/wp-content\/uploads\/2020\/02\/p1.png\" class=\"sow-slider-background-image skip-lazy\" alt=\"\" decoding=\"async\" loading=\"eager\" srcset=\"https:\/\/www.derirevest.pt\/wp-content\/uploads\/2020\/02\/p1.png 1216w, https:\/\/www.derirevest.pt\/wp-content\/uploads\/2020\/02\/p1-600x450.png 600w, https:\/\/www.derirevest.pt\/wp-content\/uploads\/2020\/02\/p1-400x300.png 400w, https:\/\/www.derirevest.pt\/wp-content\/uploads\/2020\/02\/p1-300x225.png 300w, https:\/\/www.derirevest.pt\/wp-content\/uploads\/2020\/02\/p1-1024x768.png 1024w, https:\/\/www.derirevest.pt\/wp-content\/uploads\/2020\/02\/p1-768x576.png 768w, https:\/\/www.derirevest.pt\/wp-content\/uploads\/2020\/02\/p1-640x480.png 640w, https:\/\/www.derirevest.pt\/wp-content\/uploads\/2020\/02\/p1-48x36.png 48w\" sizes=\"(max-width: 1216px) 100vw, 1216px\" \/>\t\t\t\t\t\t\t\t<\/li>\n\t\t\t\t<li class=\"sow-slider-image  sow-slider-image-cover\" style=\"background-image: url(https:\/\/www.derirevest.pt\/wp-content\/uploads\/2020\/02\/p4.png)\" >\n\t\t\t\t\t\t\t\t\t<img width=\"1216\" height=\"912\" src=\"https:\/\/www.derirevest.pt\/wp-content\/uploads\/2020\/02\/p4.png\" class=\"sow-slider-background-image skip-lazy\" alt=\"\" decoding=\"async\" loading=\"eager\" srcset=\"https:\/\/www.derirevest.pt\/wp-content\/uploads\/2020\/02\/p4.png 1216w, https:\/\/www.derirevest.pt\/wp-content\/uploads\/2020\/02\/p4-600x450.png 600w, https:\/\/www.derirevest.pt\/wp-content\/uploads\/2020\/02\/p4-400x300.png 400w, https:\/\/www.derirevest.pt\/wp-content\/uploads\/2020\/02\/p4-300x225.png 300w, https:\/\/www.derirevest.pt\/wp-content\/uploads\/2020\/02\/p4-1024x768.png 1024w, https:\/\/www.derirevest.pt\/wp-content\/uploads\/2020\/02\/p4-768x576.png 768w, https:\/\/www.derirevest.pt\/wp-content\/uploads\/2020\/02\/p4-640x480.png 640w, https:\/\/www.derirevest.pt\/wp-content\/uploads\/2020\/02\/p4-48x36.png 48w\" sizes=\"(max-width: 1216px) 100vw, 1216px\" \/>\t\t\t\t\t\t\t\t<\/li>\n\t\t\t\t<li class=\"sow-slider-image  sow-slider-image-cover\" style=\"background-image: url(https:\/\/www.derirevest.pt\/wp-content\/uploads\/2020\/02\/MVC-005S.jpg)\" >\n\t\t\t\t\t\t\t\t\t<img width=\"1216\" height=\"912\" src=\"https:\/\/www.derirevest.pt\/wp-content\/uploads\/2020\/02\/MVC-005S.jpg\" class=\"sow-slider-background-image skip-lazy\" alt=\"\" decoding=\"async\" loading=\"eager\" srcset=\"https:\/\/www.derirevest.pt\/wp-content\/uploads\/2020\/02\/MVC-005S.jpg 1216w, https:\/\/www.derirevest.pt\/wp-content\/uploads\/2020\/02\/MVC-005S-600x450.jpg 600w, https:\/\/www.derirevest.pt\/wp-content\/uploads\/2020\/02\/MVC-005S-400x300.jpg 400w, https:\/\/www.derirevest.pt\/wp-content\/uploads\/2020\/02\/MVC-005S-300x225.jpg 300w, https:\/\/www.derirevest.pt\/wp-content\/uploads\/2020\/02\/MVC-005S-1024x768.jpg 1024w, https:\/\/www.derirevest.pt\/wp-content\/uploads\/2020\/02\/MVC-005S-768x576.jpg 768w, https:\/\/www.derirevest.pt\/wp-content\/uploads\/2020\/02\/MVC-005S-640x480.jpg 640w, https:\/\/www.derirevest.pt\/wp-content\/uploads\/2020\/02\/MVC-005S-48x36.jpg 48w\" sizes=\"(max-width: 1216px) 100vw, 1216px\" \/>\t\t\t\t\t\t\t\t<\/li>\n\t\t\t\t<li class=\"sow-slider-image  sow-slider-image-cover\" style=\"background-image: url(https:\/\/www.derirevest.pt\/wp-content\/uploads\/2020\/02\/MVC-004S.jpg)\" >\n\t\t\t\t\t\t\t\t\t<img width=\"1216\" height=\"912\" src=\"https:\/\/www.derirevest.pt\/wp-content\/uploads\/2020\/02\/MVC-004S.jpg\" class=\"sow-slider-background-image skip-lazy\" alt=\"\" decoding=\"async\" loading=\"eager\" srcset=\"https:\/\/www.derirevest.pt\/wp-content\/uploads\/2020\/02\/MVC-004S.jpg 1216w, https:\/\/www.derirevest.pt\/wp-content\/uploads\/2020\/02\/MVC-004S-600x450.jpg 600w, https:\/\/www.derirevest.pt\/wp-content\/uploads\/2020\/02\/MVC-004S-400x300.jpg 400w, https:\/\/www.derirevest.pt\/wp-content\/uploads\/2020\/02\/MVC-004S-300x225.jpg 300w, https:\/\/www.derirevest.pt\/wp-content\/uploads\/2020\/02\/MVC-004S-1024x768.jpg 1024w, https:\/\/www.derirevest.pt\/wp-content\/uploads\/2020\/02\/MVC-004S-768x576.jpg 768w, https:\/\/www.derirevest.pt\/wp-content\/uploads\/2020\/02\/MVC-004S-640x480.jpg 640w, https:\/\/www.derirevest.pt\/wp-content\/uploads\/2020\/02\/MVC-004S-48x36.jpg 48w\" sizes=\"(max-width: 1216px) 100vw, 1216px\" \/>\t\t\t\t\t\t\t\t<\/li>\n\t\t<\/ul>\t\t\t\t<ol class=\"sow-slider-pagination\">\n\t\t\t\t\t\t\t\t\t\t\t<li><a href=\"#\" data-goto=\"0\" aria-label=\"display slide 1\"><\/a><\/li>\n\t\t\t\t\t\t\t\t\t\t\t<li><a href=\"#\" data-goto=\"1\" aria-label=\"display slide 2\"><\/a><\/li>\n\t\t\t\t\t\t\t\t\t\t\t<li><a href=\"#\" data-goto=\"2\" aria-label=\"display slide 3\"><\/a><\/li>\n\t\t\t\t\t\t\t\t\t\t\t<li><a href=\"#\" data-goto=\"3\" aria-label=\"display slide 4\"><\/a><\/li>\n\t\t\t\t\t\t\t\t\t\t\t<li><a href=\"#\" data-goto=\"4\" aria-label=\"display slide 5\"><\/a><\/li>\n\t\t\t\t\t\t\t\t\t\t\t<li><a href=\"#\" data-goto=\"5\" aria-label=\"display slide 6\"><\/a><\/li>\n\t\t\t\t\t\t\t\t\t<\/ol>\n\n\t\t\t\t<div class=\"sow-slide-nav sow-slide-nav-next\">\n\t\t\t\t\t<a href=\"#\" data-goto=\"next\" aria-label=\"next slide\" data-action=\"next\">\n\t\t\t\t\t\t<em class=\"sow-sld-icon-medium-right\"><\/em>\n\t\t\t\t\t<\/a>\n\t\t\t\t<\/div>\n\n\t\t\t\t<div class=\"sow-slide-nav sow-slide-nav-prev\">\n\t\t\t\t\t<a href=\"#\" data-goto=\"previous\" aria-label=\"previous slide\" data-action=\"prev\">\n\t\t\t\t\t\t<em class=\"sow-sld-icon-medium-left\"><\/em>\n\t\t\t\t\t<\/a>\n\t\t\t\t<\/div>\n\t\t\t\t<\/div><\/div><\/div><\/div><div id=\"pgc-12-0-1\"  class=\"panel-grid-cell\" ><div id=\"panel-12-0-1-0\" class=\"so-panel widget widget_sow-editor panel-first-child panel-last-child\" data-index=\"1\" ><div\n\t\t\t\n\t\t\tclass=\"so-widget-sow-editor so-widget-sow-editor-base\"\n\t\t\t\n\t\t>\n<div class=\"siteorigin-widget-tinymce textwidget\">\n\t<p class=\"font_7\"><em><span class=\"color_15\"><strong>DeriRevest, su Lda <\/strong><\/span><\/em><span class=\"color_15\">\u00e9 uma empresa portuguesa,\u00a0<\/span><span class=\"color_15\">que <\/span><span class=\"color_15\">se dedica \u00e0 comercializa\u00e7\u00e3o de produtos em <\/span><span class=\"color_15\">madeira <\/span><span class=\"color_15\">e \u00e0 produ\u00e7\u00e3o de portas, perfis e componentes.<\/span><\/p>\n<p class=\"font_7\"><span class=\"color_15\">Somos uma empresa familiar cujo armaz\u00e9m <\/span><span class=\"color_15\">dista da <\/span><span class=\"color_15\">cidade de Aveiro uns escassos 7 Kms.<\/span><\/p>\n<p class=\"font_7\"><span class=\"color_15\">H\u00e1 mais de trinta anos que nos dedicamos <\/span><span class=\"color_15\">a trabalhar a madeira, no seguimento da <\/span><span class=\"color_15\">tradi\u00e7\u00e3o familiar.<\/span><\/p>\n<p>Permite-nos, essa experi\u00eancia do saber fazer, poder <span class=\"color_15\">responder \u00e0s solicita\u00e7\u00f5es mais diversas tanto para a <\/span><span class=\"color_15\">decora\u00e7\u00e3o de interiores como na produ\u00e7\u00e3o de portas e componentes para as industrias de <\/span><span class=\"color_15\">mobili\u00e1rio ou de carpintaria.<\/span><\/p>\n<p class=\"font_7\">\n<\/div>\n<\/div><\/div><\/div><\/div><div id=\"pg-12-1\"  class=\"panel-grid panel-has-style\" ><div class=\"siteorigin-panels-stretch panel-row-style panel-row-style-for-12-1\" id=\"services\" data-stretch-type=\"full\" ><div id=\"pgc-12-1-0\"  class=\"panel-grid-cell\" ><div id=\"panel-12-1-0-0\" class=\"so-panel widget widget_sow-headline panel-first-child\" data-index=\"2\" ><div\n\t\t\t\n\t\t\tclass=\"so-widget-sow-headline so-widget-sow-headline-default-d07e1e83720a-12 so-widget-fittext-wrapper\"\n\t\t\t data-fit-text-compressor=\"0.85\"\n\t\t><div class=\"sow-headline-container \">\n\t<h1 class='sow-headline'>Os nossos servi\u00e7os<\/h1>\t\t\t\t\t<div class=\"decoration\">\n\t\t\t\t\t\t<div class=\"decoration-inside\"><\/div>\n\t\t\t\t\t<\/div>\n\t\t\t\t\t<\/div><\/div><\/div><div id=\"panel-12-1-0-1\" class=\"so-panel widget widget_sow-features panel-last-child\" data-index=\"3\" ><div class=\"panel-widget-style panel-widget-style-for-12-1-0-1\" ><div\n\t\t\t\n\t\t\tclass=\"so-widget-sow-features so-widget-sow-features-default-e2b92ff28b68-12\"\n\t\t\t\n\t\t>\n<div class=\"sow-features-list sow-features-responsive\">\n\n\t\t\t\t\t\t\t\t\t<div\n\t\t\t\tclass=\"sow-features-feature sow-icon-container-position-top \"\n\t\t\t\tstyle=\"display: flex; flex-direction: column; float: left; width: 33.333%;\"\n\t\t\t>\n\t\t\t\n\t\t\t\t\t\t\t\t<div\n\t\t\t\t\tclass=\"sow-icon-container sow-container-none\"\n\t\t\t\t\tstyle=\"color: #404040; \"\n\t\t\t\t\t>\n\t\t\t\t\t\t\t\t\t<\/div>\n\t\t\t\t\n\t\t\t\t<div class=\"textwidget\">\n\t\t\t\t\t\n\t\t\t\t\t\t\t\t\t\t\t<h5>\n\t\t\t\t\t\t\t\n\t\t\t\t\t\t\tPortas\t\t\t\t\t\t\t\t\t\t\t\t\t<\/h5>\n\t\t\t\t\t\n\t\t\t\t\t\t\t\t\t\t\t<p><span class=\"color_15\">Portas, aros, guarni\u00e7\u00f5es, rodap\u00e9s e molduras\u00a0<\/span><span class=\"color_15\">diversas.<\/span><\/p>\n\t\t\t\t\t\n\t\t\t\t\t\t\t\t\t<\/div>\n\t\t\t\t\t\t\t\t\n\t\t\t\t\t\t\t<\/div>\n\n\t\t\t\t\t\t\t\t<div\n\t\t\t\tclass=\"sow-features-feature sow-icon-container-position-top \"\n\t\t\t\tstyle=\"display: flex; flex-direction: column; float: left; width: 33.333%;\"\n\t\t\t>\n\t\t\t\n\t\t\t\t\t\t\t\t<div\n\t\t\t\t\tclass=\"sow-icon-container sow-container-none\"\n\t\t\t\t\tstyle=\"color: #404040; \"\n\t\t\t\t\t>\n\t\t\t\t\t\t\t\t\t<\/div>\n\t\t\t\t\n\t\t\t\t<div class=\"textwidget\">\n\t\t\t\t\t\n\t\t\t\t\t\t\t\t\t\t\t<h5>\n\t\t\t\t\t\t\t\n\t\t\t\t\t\t\tCozinhas\t\t\t\t\t\t\t\t\t\t\t\t\t<\/h5>\n\t\t\t\t\t\n\t\t\t\t\t\t\t\t\t\t\t<p>Kits, portas,perfis e molduras diversas.<\/p>\n\t\t\t\t\t\n\t\t\t\t\t\t\t\t\t<\/div>\n\t\t\t\t\t\t\t\t\n\t\t\t\t\t\t\t<\/div>\n\n\t\t\t\t\t\t\t\t<div\n\t\t\t\tclass=\"sow-features-feature sow-icon-container-position-top \"\n\t\t\t\tstyle=\"display: flex; flex-direction: column; float: left; width: 33.333%;\"\n\t\t\t>\n\t\t\t\n\t\t\t\t\t\t\t\t<div\n\t\t\t\t\tclass=\"sow-icon-container sow-container-none\"\n\t\t\t\t\tstyle=\"color: #404040; \"\n\t\t\t\t\t>\n\t\t\t\t\t\t\t\t\t<\/div>\n\t\t\t\t\n\t\t\t\t<div class=\"textwidget\">\n\t\t\t\t\t\n\t\t\t\t\t\t\t\t\t\t\t<h5>\n\t\t\t\t\t\t\t\n\t\t\t\t\t\t\tEscadas\t\t\t\t\t\t\t\t\t\t\t\t\t<\/h5>\n\t\t\t\t\t\n\t\t\t\t\t\t\t\t\t\t\t<p><span class=\"color_15\">Escadas de lan\u00e7os ou helicoidais (caracol), bala\u00fastres,<\/span>\u00a0<span class=\"color_15\">colunas e corrim\u00f5es.<\/span><\/p>\n\t\t\t\t\t\n\t\t\t\t\t\t\t\t\t<\/div>\n\t\t\t\t\t\t\t\t\n\t\t\t\t\t\t\t<\/div>\n\n\t\t\t\t\t\t\t\t<div\n\t\t\t\tclass=\"sow-features-feature sow-icon-container-position-top sow-features-feature-last-row\"\n\t\t\t\tstyle=\"display: flex; flex-direction: column; float: left; width: 33.333%;\"\n\t\t\t>\n\t\t\t\n\t\t\t\t\t\t\t\t<div\n\t\t\t\t\tclass=\"sow-icon-container sow-container-none\"\n\t\t\t\t\tstyle=\"color: #404040; \"\n\t\t\t\t\t>\n\t\t\t\t\t\t\t\t\t<\/div>\n\t\t\t\t\n\t\t\t\t<div class=\"textwidget\">\n\t\t\t\t\t\n\t\t\t\t\t\t\t\t\t\t\t<h5>\n\t\t\t\t\t\t\t\n\t\t\t\t\t\t\tRevestimentos\t\t\t\t\t\t\t\t\t\t\t\t\t<\/h5>\n\t\t\t\t\t\n\t\t\t\t\t\t\t\t\t\t\t<p>Forro ou Lambrim, soalho, deck, flutuantes.<\/p>\n\t\t\t\t\t\n\t\t\t\t\t\t\t\t\t<\/div>\n\t\t\t\t\t\t\t\t\n\t\t\t\t\t\t\t<\/div>\n\n\t\t\t\t\t\t\t\t<div\n\t\t\t\tclass=\"sow-features-feature sow-icon-container-position-top sow-features-feature-last-row\"\n\t\t\t\tstyle=\"display: flex; flex-direction: column; float: left; width: 33.333%;\"\n\t\t\t>\n\t\t\t\n\t\t\t\t\t\t\t\t<div\n\t\t\t\t\tclass=\"sow-icon-container sow-container-none\"\n\t\t\t\t\tstyle=\"color: #404040; \"\n\t\t\t\t\t>\n\t\t\t\t\t\t\t\t\t<\/div>\n\t\t\t\t\n\t\t\t\t<div class=\"textwidget\">\n\t\t\t\t\t\n\t\t\t\t\t\t\t\t\t\t\t<h5>\n\t\t\t\t\t\t\t\n\t\t\t\t\t\t\tDerivados\t\t\t\t\t\t\t\t\t\t\t\t\t<\/h5>\n\t\t\t\t\t\n\t\t\t\t\t\t\t\t\t\t\t<p>Aglomerados, Folheados, Laminados Contraplacados e MdF.<\/p>\n\t\t\t\t\t\n\t\t\t\t\t\t\t\t\t<\/div>\n\t\t\t\t\t\t\t\t\n\t\t\t\t\t\t\t<\/div>\n\n\t\t\t\t\t\t\t\t<div\n\t\t\t\tclass=\"sow-features-feature sow-icon-container-position-top sow-features-feature-last-row\"\n\t\t\t\tstyle=\"display: flex; flex-direction: column; float: left; width: 33.333%;\"\n\t\t\t>\n\t\t\t\n\t\t\t\t\t\t\t\t<div\n\t\t\t\t\tclass=\"sow-icon-container sow-container-none\"\n\t\t\t\t\tstyle=\"color: #404040; \"\n\t\t\t\t\t>\n\t\t\t\t\t\t\t\t\t<\/div>\n\t\t\t\t\n\t\t\t\t<div class=\"textwidget\">\n\t\t\t\t\t\n\t\t\t\t\t\t\t\t\t\t\t<h5>\n\t\t\t\t\t\t\t\n\t\t\t\t\t\t\tOutros\t\t\t\t\t\t\t\t\t\t\t\t\t<\/h5>\n\t\t\t\t\t\n\t\t\t\t\t\t\t\t\t\t\t<p><span class=\"color_15\">Estaremos ao <\/span><span class=\"color_15\">dispor para, dentro dos nossos conhecimentos, esclarecer\u00a0<\/span><span class=\"color_15\">ou informar sobre qualquer assunto ou duvida referente \u00e0 <\/span><span class=\"color_15\">nossa fileira de neg\u00f3cio.<\/span><\/p>\n\t\t\t\t\t\n\t\t\t\t\t\t\t\t\t<\/div>\n\t\t\t\t\t\t\t\t\n\t\t\t\t\t\t\t<\/div>\n\n\t\t\t\n<\/div>\n<\/div><\/div><\/div><\/div><\/div><\/div><div id=\"pg-12-2\"  class=\"panel-grid panel-has-style\" ><div class=\"siteorigin-panels-stretch panel-row-style panel-row-style-for-12-2\" id=\"contact\" data-stretch-type=\"full\" ><div id=\"pgc-12-2-0\"  class=\"panel-grid-cell\" ><div id=\"panel-12-2-0-0\" class=\"so-panel widget widget_sow-headline panel-first-child panel-last-child\" data-index=\"4\" ><div\n\t\t\t\n\t\t\tclass=\"so-widget-sow-headline so-widget-sow-headline-default-d07e1e83720a-12 so-widget-fittext-wrapper\"\n\t\t\t data-fit-text-compressor=\"0.85\"\n\t\t><div class=\"sow-headline-container \">\n\t<h1 class='sow-headline'>Contactos<\/h1>\t\t\t\t\t<div class=\"decoration\">\n\t\t\t\t\t\t<div class=\"decoration-inside\"><\/div>\n\t\t\t\t\t<\/div>\n\t\t\t\t\t<p class='sow-sub-headline'>Com duvidas? Contacte-nos.<\/p><\/div><\/div><\/div><\/div><\/div><\/div><div id=\"pg-12-3\"  class=\"panel-grid panel-has-style\" ><div class=\"siteorigin-panels-stretch panel-row-style panel-row-style-for-12-3\" id=\"contact-2\" data-stretch-type=\"full\" ><div id=\"pgc-12-3-0\"  class=\"panel-grid-cell\" ><div id=\"panel-12-3-0-0\" class=\"so-panel widget widget_sow-editor panel-first-child\" data-index=\"5\" ><div class=\"panel-widget-style panel-widget-style-for-12-3-0-0\" ><div\n\t\t\t\n\t\t\tclass=\"so-widget-sow-editor so-widget-sow-editor-base\"\n\t\t\t\n\t\t><h3 class=\"widget-title\">A nossa localiza\u00e7\u00e3o<\/h3>\n<div class=\"siteorigin-widget-tinymce textwidget\">\n\t<p><strong>Endere\u00e7o:<\/strong><\/p>\n<p>R. Tom\u00e9 de Barros Queiroz 32, Oliveirinha<br \/>\n3810-833<br \/>\nPortugal<\/p>\n<p><strong>Contactos:<\/strong><\/p>\n<ul>\n<li>234947460<\/li>\n<li>962405303<\/li>\n<\/ul>\n<h6><em>DL 59\/2021-Tarifa base para chamadas da rede fixa e\/ou m\u00f3vel nacional<\/em><\/h6>\n<p><b>Localiza\u00e7\u00e3o:<\/b><\/p>\n<\/div>\n<\/div><\/div><\/div><div id=\"panel-12-3-0-1\" class=\"widget_text so-panel widget widget_custom_html panel-last-child\" data-index=\"6\" ><div class=\"textwidget custom-html-widget\"><iframe src=\"https:\/\/www.google.com\/maps\/embed?pb=!1m14!1m8!1m3!1d12118.842341762314!2d-8.6124733!3d40.5921433!3m2!1i1024!2i768!4f13.1!3m3!1m2!1s0x0%3A0xed01b846922fa9c5!2sDeriRevest%2C%20su%20lda!5e0!3m2!1sen!2spt!4v1581031169650!5m2!1sen!2spt\" width=\"500\" height=\"350\" frameborder=\"0\" style=\"border:0;\" allowfullscreen=\"\"><\/iframe><\/div><\/div><\/div><div id=\"pgc-12-3-1\"  class=\"panel-grid-cell\" ><div id=\"panel-12-3-1-0\" class=\"so-panel widget widget_sow-editor panel-first-child panel-last-child\" data-index=\"7\" ><div class=\"panel-widget-style panel-widget-style-for-12-3-1-0\" ><div\n\t\t\t\n\t\t\tclass=\"so-widget-sow-editor so-widget-sow-editor-base\"\n\t\t\t\n\t\t><h3 class=\"widget-title\">Horario de funcionamento<\/h3>\n<div class=\"siteorigin-widget-tinymce textwidget\">\n\t<div class=\"areWeOpenStatusContainer\">\n<div class=\"areWeOpenStatusContainer\">\n<table class=\"WgFkxc\">\n<tbody>\n<tr class=\"K7Ltle\">\n<td class=\"SKNSIb\">Segunda<\/td>\n<td>8:30 \u2013 18:00<\/td>\n<\/tr>\n<tr>\n<td class=\"SKNSIb\">Ter\u00e7a<\/td>\n<td>8:30 \u2013 18:00<\/td>\n<\/tr>\n<tr>\n<td class=\"SKNSIb\">Quarta<\/td>\n<td>8:30 \u2013 18:00<\/td>\n<\/tr>\n<tr>\n<td class=\"SKNSIb\">Quinta<\/td>\n<td>8:30 \u2013 18:00<\/td>\n<\/tr>\n<tr>\n<td class=\"SKNSIb\">Sexta<\/td>\n<td>8:30 \u2013 18:00<\/td>\n<\/tr>\n<tr>\n<td class=\"SKNSIb\">Sabado<\/td>\n<td>Fechado<\/td>\n<\/tr>\n<tr>\n<td class=\"SKNSIb\">Domingo<\/td>\n<td>Fechado<\/td>\n<\/tr>\n<\/tbody>\n<\/table>\n<\/div>\n<\/div>\n<\/div>\n<\/div><\/div><\/div><\/div><div id=\"pgc-12-3-2\"  class=\"panel-grid-cell\" ><div id=\"panel-12-3-2-0\" class=\"so-panel widget widget_sow-editor panel-first-child panel-last-child\" data-index=\"8\" ><div class=\"panel-widget-style panel-widget-style-for-12-3-2-0\" ><div\n\t\t\t\n\t\t\tclass=\"so-widget-sow-editor so-widget-sow-editor-base\"\n\t\t\t\n\t\t><h3 class=\"widget-title\">Formulario de contacto:<\/h3>\n<div class=\"siteorigin-widget-tinymce textwidget\">\n\t<div role=\"form\" class=\"wpcf7\" id=\"wpcf7-f150-o1\" lang=\"pt-PT\" dir=\"ltr\">\n<div class=\"screen-reader-response\" role=\"alert\" aria-live=\"polite\"><\/div>\n<form action=\"\/index.php?rest_route=%2Fwp%2Fv2%2Fpages%2F12#wpcf7-f150-o1\" method=\"post\" class=\"wpcf7-form init\" novalidate=\"novalidate\">\n<div style=\"display: none;\">\n<input type=\"hidden\" name=\"_wpcf7\" value=\"150\" \/>\n<input type=\"hidden\" name=\"_wpcf7_version\" value=\"5.2.2\" \/>\n<input type=\"hidden\" name=\"_wpcf7_locale\" value=\"pt_PT\" \/>\n<input type=\"hidden\" name=\"_wpcf7_unit_tag\" value=\"wpcf7-f150-o1\" \/>\n<input type=\"hidden\" name=\"_wpcf7_container_post\" value=\"0\" \/>\n<input type=\"hidden\" name=\"_wpcf7_posted_data_hash\" value=\"\" \/>\n<input type=\"hidden\" name=\"_wpcf7_recaptcha_response\" value=\"\" \/>\n<\/div>\n<p><span class=\"wpcf7-form-control-wrap your-name\"><input type=\"text\" name=\"your-name\" value=\"\" size=\"40\" class=\"wpcf7-form-control wpcf7-text wpcf7-validates-as-required\" aria-required=\"true\" aria-invalid=\"false\" placeholder=\"Nome\" \/><\/span><br \/>\n<span class=\"wpcf7-form-control-wrap your-email\"><input type=\"email\" name=\"your-email\" value=\"\" size=\"40\" class=\"wpcf7-form-control wpcf7-text wpcf7-email wpcf7-validates-as-required wpcf7-validates-as-email\" aria-required=\"true\" aria-invalid=\"false\" placeholder=\"E-mail\" \/><\/span><br \/>\n<span class=\"wpcf7-form-control-wrap your-subject\"><input type=\"text\" name=\"your-subject\" value=\"\" size=\"40\" class=\"wpcf7-form-control wpcf7-text\" aria-invalid=\"false\" placeholder=\"Topico\" \/><\/span><br \/>\n<span class=\"wpcf7-form-control-wrap your-message\"><textarea name=\"your-message\" cols=\"40\" rows=\"10\" class=\"wpcf7-form-control wpcf7-textarea\" aria-invalid=\"false\" placeholder=\"Mensagem\"><\/textarea><\/span><\/p>\n\n<p><input type=\"submit\" value=\"Enviar\" class=\"wpcf7-form-control wpcf7-submit\" \/><\/p>\n<div class=\"wpcf7-response-output\" role=\"alert\" aria-hidden=\"true\"><\/div><\/form><\/div>\n<\/div>\n<\/div><\/div><\/div><\/div><\/div><\/div><\/div>\n\n<\/div>\n","protected":false},"excerpt":{"rendered":"<div class=\"entry-summary\" itemprop=\"text\">\n<p>DeriRevest, su Lda \u00e9 uma empresa portuguesa,\u00a0que se dedica \u00e0 comercializa\u00e7\u00e3o de produtos em madeira e \u00e0 produ\u00e7\u00e3o de portas, perfis e componentes. Somos uma empresa familiar cujo armaz\u00e9m dista da cidade de Aveiro uns escassos 7 Kms. H\u00e1 mais de trinta anos que nos dedicamos a trabalhar a madeira, no seguimento da tradi\u00e7\u00e3o familiar. &#8230;<\/p>\n\n<\/div>\n","protected":false},"author":1,"featured_media":0,"parent":0,"menu_order":0,"comment_status":"closed","ping_status":"closed","template":"","meta":[],"_links":{"self":[{"href":"https:\/\/www.derirevest.pt\/index.php?rest_route=\/wp\/v2\/pages\/12"}],"collection":[{"href":"https:\/\/www.derirevest.pt\/index.php?rest_route=\/wp\/v2\/pages"}],"about":[{"href":"https:\/\/www.derirevest.pt\/index.php?rest_route=\/wp\/v2\/types\/page"}],"author":[{"embeddable":true,"href":"https:\/\/www.derirevest.pt\/index.php?rest_route=\/wp\/v2\/users\/1"}],"replies":[{"embeddable":true,"href":"https:\/\/www.derirevest.pt\/index.php?rest_route=%2Fwp%2Fv2%2Fcomments&post=12"}],"version-history":[{"count":150,"href":"https:\/\/www.derirevest.pt\/index.php?rest_route=\/wp\/v2\/pages\/12\/revisions"}],"predecessor-version":[{"id":15,"href":"https:\/\/www.derirevest.pt\/index.php?rest_route=\/wp\/v2\/pages\/12\/revisions\/15"}],"wp:attachment":[{"href":"https:\/\/www.derirevest.pt\/index.php?rest_route=%2Fwp%2Fv2%2Fmedia&parent=12"}],"curies":[{"name":"wp","href":"https:\/\/api.w.org\/{rel}","templated":true}]}}